{"id":3,"date":"2025-08-21T16:29:26","date_gmt":"2025-08-21T16:29:26","guid":{"rendered":"https:\/\/inverkm.cl\/tienda\/?page_id=3"},"modified":"2025-09-24T17:21:06","modified_gmt":"2025-09-24T17:21:06","slug":"politica-de-privacidad","status":"publish","type":"page","link":"https:\/\/inverkm.cl\/tienda\/politica-de-privacidad\/","title":{"rendered":"Politica De Privacidad"},"content":{"rendered":"<div class=\"politica-datos\">\n<h1 style=\"text-align: center;\"><strong>POL\u00cdTICAS DE PRIVACIDAD<\/strong><\/h1>\n<p>&nbsp;<\/p>\n<p style=\"text-align: left;\"><strong>Neum\u00e1ticos San Andr\u00e9s<\/strong> funciona bajo el nombre de <strong>WWW.NEUMATICOSSA.CL<\/strong><\/p>\n<p style=\"text-align: left;\">WWW.NEUMATICOSSA.CL mantendr\u00e1 siempre tus datos aislados de terceras empresas o personas que puedan hacer uso de esta informaci\u00f3n para otros fines.<br \/>\nSe garantiza <strong>confidencialidad, privacidad y seguridad<\/strong> en la manipulaci\u00f3n y uso de cualquier informaci\u00f3n personal de los clientes inscritos en el sitio web.<\/p>\n<h2 style=\"text-align: left;\">Confidencialidad de datos<\/h2>\n<p style=\"text-align: left;\">Actualmente, en todo el mundo, la manera m\u00e1s eficaz de resguardar la seguridad de las compras es mediante<br \/>\n<strong>certificados SSL<\/strong>. Estos certificados se encargan de cifrar o codificar los datos de las transacciones,<br \/>\nimpidiendo que estas sean intervenidas y descifradas por terceros. Un certificado SSL presente y activo en un sitio web<br \/>\nentrega a los compradores la tranquilidad necesaria de saber que sus datos no ser\u00e1n obtenidos por una tercera persona.<\/p>\n<h2 style=\"text-align: left;\">Compromiso de Seguridad<\/h2>\n<p style=\"text-align: left;\">WWW.NEUMATICOSSA.CL velar\u00e1 constantemente por el uso, la manutenci\u00f3n y la mejora de los est\u00e1ndares de seguridad y privacidad<br \/>\nhacia sus clientes registrados en el sitio web. Se mantendr\u00e1n los est\u00e1ndares requeridos tanto en<br \/>\n<strong>infraestructura, herramientas y personal capacitado<\/strong> para cumplir con este compromiso de resguardo<br \/>\nde toda la informaci\u00f3n otorgada en los formularios de registros.<\/p>\n<h2 style=\"text-align: left;\">Finalidad de datos<\/h2>\n<p style=\"text-align: left;\">La informaci\u00f3n requerida en el formulario de registro tiene como finalidad<br \/>\n<strong>identificar a los clientes, mantenerlos informados, solucionar reclamos, revisar pedidos,<br \/>\nconsultar por despachos o recibir consultas y sugerencias<\/strong>.<br \/>\nEsto permite tener un contacto m\u00e1s cercano, r\u00e1pido y detallado, lo que facilita un accionar eficiente en cualquiera de estas situaciones.<\/p>\n<\/div>\n","protected":false},"excerpt":{"rendered":"<p>POL\u00cdTICAS DE PRIVACIDAD &nbsp; Neum\u00e1ticos San Andr\u00e9s funciona bajo el nombre de WWW.NEUMATICOSSA.CL WWW.NEUMATICOSSA.CL mantendr\u00e1 siempre tus datos aislados de terceras empresas o personas que puedan hacer uso de esta informaci\u00f3n para otros fines. Se garantiza confidencialidad, privacidad y seguridad en la manipulaci\u00f3n y uso de cualquier informaci\u00f3n personal de los clientes inscritos en el sitio web. Confidencialidad de datos Actualmente, en todo el mundo, la manera m\u00e1s eficaz de resguardar la seguridad de las compras es mediante certificados SSL. Estos certificados se encargan de cifrar o codificar los datos de las transacciones, impidiendo que estas sean intervenidas y descifradas por terceros. Un certificado SSL presente y activo en un sitio web entrega a los compradores la tranquilidad necesaria de saber que sus datos no ser\u00e1n obtenidos por una tercera persona. Compromiso de Seguridad WWW.NEUMATICOSSA.CL velar\u00e1 constantemente por el uso, la manutenci\u00f3n y la mejora de los est\u00e1ndares de seguridad y privacidad hacia sus clientes registrados en el sitio web. Se mantendr\u00e1n los est\u00e1ndares requeridos tanto en infraestructura, herramientas y personal capacitado para cumplir con este compromiso de resguardo de toda la informaci\u00f3n otorgada en los formularios de registros. Finalidad de datos La informaci\u00f3n requerida en el formulario de registro tiene como finalidad identificar a los clientes, mantenerlos informados, solucionar reclamos, revisar pedidos, consultar por despachos o recibir consultas y sugerencias. Esto permite tener un contacto m\u00e1s cercano, r\u00e1pido y detallado, lo que facilita un accionar eficiente en cualquiera de estas situaciones.<\/p>\n","protected":false},"author":1,"featured_media":0,"parent":0,"menu_order":0,"comment_status":"closed","ping_status":"open","template":"","meta":{"_acf_changed":false,"iawp_total_views":1,"footnotes":""},"class_list":["post-3","page","type-page","status-publish","hentry"],"acf":[],"yoast_head":"<!-- This site is optimized with the Yoast SEO plugin v26.8 - https:\/\/yoast.com\/product\/yoast-seo-wordpress\/ -->\n<title>Politica De Privacidad - Importadora Km<\/title>\n<meta name=\"robots\" content=\"index, follow, max-snippet:-1, max-image-preview:large, max-video-preview:-1\" \/>\n<link rel=\"canonical\" href=\"https:\/\/inverkm.cl\/tienda\/politica-de-privacidad\/\" \/>\n<meta property=\"og:locale\" content=\"es_ES\" \/>\n<meta property=\"og:type\" content=\"article\" \/>\n<meta property=\"og:title\" content=\"Politica De Privacidad - Importadora Km\" \/>\n<meta property=\"og:description\" content=\"POL\u00cdTICAS DE PRIVACIDAD &nbsp; Neum\u00e1ticos San Andr\u00e9s funciona bajo el nombre de WWW.NEUMATICOSSA.CL WWW.NEUMATICOSSA.CL mantendr\u00e1 siempre tus datos aislados de terceras empresas o personas que puedan hacer uso de esta informaci\u00f3n para otros fines. Se garantiza confidencialidad, privacidad y seguridad en la manipulaci\u00f3n y uso de cualquier informaci\u00f3n personal de los clientes inscritos en el sitio web. Confidencialidad de datos Actualmente, en todo el mundo, la manera m\u00e1s eficaz de resguardar la seguridad de las compras es mediante certificados SSL. Estos certificados se encargan de cifrar o codificar los datos de las transacciones, impidiendo que estas sean intervenidas y descifradas por terceros. Un certificado SSL presente y activo en un sitio web entrega a los compradores la tranquilidad necesaria de saber que sus datos no ser\u00e1n obtenidos por una tercera persona. Compromiso de Seguridad WWW.NEUMATICOSSA.CL velar\u00e1 constantemente por el uso, la manutenci\u00f3n y la mejora de los est\u00e1ndares de seguridad y privacidad hacia sus clientes registrados en el sitio web. Se mantendr\u00e1n los est\u00e1ndares requeridos tanto en infraestructura, herramientas y personal capacitado para cumplir con este compromiso de resguardo de toda la informaci\u00f3n otorgada en los formularios de registros. Finalidad de datos La informaci\u00f3n requerida en el formulario de registro tiene como finalidad identificar a los clientes, mantenerlos informados, solucionar reclamos, revisar pedidos, consultar por despachos o recibir consultas y sugerencias. Esto permite tener un contacto m\u00e1s cercano, r\u00e1pido y detallado, lo que facilita un accionar eficiente en cualquiera de estas situaciones.\" \/>\n<meta property=\"og:url\" content=\"https:\/\/inverkm.cl\/tienda\/politica-de-privacidad\/\" \/>\n<meta property=\"og:site_name\" content=\"Importadora Km\" \/>\n<meta property=\"article:modified_time\" content=\"2025-09-24T17:21:06+00:00\" \/>\n<meta name=\"twitter:card\" content=\"summary_large_image\" \/>\n<meta name=\"twitter:label1\" content=\"Tiempo de lectura\" \/>\n\t<meta name=\"twitter:data1\" content=\"1 minuto\" \/>\n<script type=\"application\/ld+json\" class=\"yoast-schema-graph\">{\"@context\":\"https:\/\/schema.org\",\"@graph\":[{\"@type\":\"WebPage\",\"@id\":\"https:\/\/inverkm.cl\/tienda\/politica-de-privacidad\/\",\"url\":\"https:\/\/inverkm.cl\/tienda\/politica-de-privacidad\/\",\"name\":\"Politica De Privacidad - Importadora Km\",\"isPartOf\":{\"@id\":\"https:\/\/inverkm.cl\/tienda\/#website\"},\"datePublished\":\"2025-08-21T16:29:26+00:00\",\"dateModified\":\"2025-09-24T17:21:06+00:00\",\"breadcrumb\":{\"@id\":\"https:\/\/inverkm.cl\/tienda\/politica-de-privacidad\/#breadcrumb\"},\"inLanguage\":\"es\",\"potentialAction\":[{\"@type\":\"ReadAction\",\"target\":[\"https:\/\/inverkm.cl\/tienda\/politica-de-privacidad\/\"]}]},{\"@type\":\"BreadcrumbList\",\"@id\":\"https:\/\/inverkm.cl\/tienda\/politica-de-privacidad\/#breadcrumb\",\"itemListElement\":[{\"@type\":\"ListItem\",\"position\":1,\"name\":\"Portada\",\"item\":\"https:\/\/inverkm.cl\/tienda\/\"},{\"@type\":\"ListItem\",\"position\":2,\"name\":\"Politica De Privacidad\"}]},{\"@type\":\"WebSite\",\"@id\":\"https:\/\/inverkm.cl\/tienda\/#website\",\"url\":\"https:\/\/inverkm.cl\/tienda\/\",\"name\":\"Importadora Km\",\"description\":\"\",\"publisher\":{\"@id\":\"https:\/\/inverkm.cl\/tienda\/#organization\"},\"potentialAction\":[{\"@type\":\"SearchAction\",\"target\":{\"@type\":\"EntryPoint\",\"urlTemplate\":\"https:\/\/inverkm.cl\/tienda\/?s={search_term_string}\"},\"query-input\":{\"@type\":\"PropertyValueSpecification\",\"valueRequired\":true,\"valueName\":\"search_term_string\"}}],\"inLanguage\":\"es\"},{\"@type\":\"Organization\",\"@id\":\"https:\/\/inverkm.cl\/tienda\/#organization\",\"name\":\"Importadora Km\",\"url\":\"https:\/\/inverkm.cl\/tienda\/\",\"logo\":{\"@type\":\"ImageObject\",\"inLanguage\":\"es\",\"@id\":\"https:\/\/inverkm.cl\/tienda\/#\/schema\/logo\/image\/\",\"url\":\"https:\/\/inverkm.cl\/tienda\/wp-content\/uploads\/2025\/10\/SOLO-KM.png\",\"contentUrl\":\"https:\/\/inverkm.cl\/tienda\/wp-content\/uploads\/2025\/10\/SOLO-KM.png\",\"width\":1182,\"height\":1182,\"caption\":\"Importadora Km\"},\"image\":{\"@id\":\"https:\/\/inverkm.cl\/tienda\/#\/schema\/logo\/image\/\"}}]}<\/script>\n<!-- \/ Yoast SEO plugin. -->","yoast_head_json":{"title":"Politica De Privacidad - Importadora Km","robots":{"index":"index","follow":"follow","max-snippet":"max-snippet:-1","max-image-preview":"max-image-preview:large","max-video-preview":"max-video-preview:-1"},"canonical":"https:\/\/inverkm.cl\/tienda\/politica-de-privacidad\/","og_locale":"es_ES","og_type":"article","og_title":"Politica De Privacidad - Importadora Km","og_description":"POL\u00cdTICAS DE PRIVACIDAD &nbsp; Neum\u00e1ticos San Andr\u00e9s funciona bajo el nombre de WWW.NEUMATICOSSA.CL WWW.NEUMATICOSSA.CL mantendr\u00e1 siempre tus datos aislados de terceras empresas o personas que puedan hacer uso de esta informaci\u00f3n para otros fines. Se garantiza confidencialidad, privacidad y seguridad en la manipulaci\u00f3n y uso de cualquier informaci\u00f3n personal de los clientes inscritos en el sitio web. Confidencialidad de datos Actualmente, en todo el mundo, la manera m\u00e1s eficaz de resguardar la seguridad de las compras es mediante certificados SSL. Estos certificados se encargan de cifrar o codificar los datos de las transacciones, impidiendo que estas sean intervenidas y descifradas por terceros. Un certificado SSL presente y activo en un sitio web entrega a los compradores la tranquilidad necesaria de saber que sus datos no ser\u00e1n obtenidos por una tercera persona. Compromiso de Seguridad WWW.NEUMATICOSSA.CL velar\u00e1 constantemente por el uso, la manutenci\u00f3n y la mejora de los est\u00e1ndares de seguridad y privacidad hacia sus clientes registrados en el sitio web. Se mantendr\u00e1n los est\u00e1ndares requeridos tanto en infraestructura, herramientas y personal capacitado para cumplir con este compromiso de resguardo de toda la informaci\u00f3n otorgada en los formularios de registros. Finalidad de datos La informaci\u00f3n requerida en el formulario de registro tiene como finalidad identificar a los clientes, mantenerlos informados, solucionar reclamos, revisar pedidos, consultar por despachos o recibir consultas y sugerencias. Esto permite tener un contacto m\u00e1s cercano, r\u00e1pido y detallado, lo que facilita un accionar eficiente en cualquiera de estas situaciones.","og_url":"https:\/\/inverkm.cl\/tienda\/politica-de-privacidad\/","og_site_name":"Importadora Km","article_modified_time":"2025-09-24T17:21:06+00:00","twitter_card":"summary_large_image","twitter_misc":{"Tiempo de lectura":"1 minuto"},"schema":{"@context":"https:\/\/schema.org","@graph":[{"@type":"WebPage","@id":"https:\/\/inverkm.cl\/tienda\/politica-de-privacidad\/","url":"https:\/\/inverkm.cl\/tienda\/politica-de-privacidad\/","name":"Politica De Privacidad - Importadora Km","isPartOf":{"@id":"https:\/\/inverkm.cl\/tienda\/#website"},"datePublished":"2025-08-21T16:29:26+00:00","dateModified":"2025-09-24T17:21:06+00:00","breadcrumb":{"@id":"https:\/\/inverkm.cl\/tienda\/politica-de-privacidad\/#breadcrumb"},"inLanguage":"es","potentialAction":[{"@type":"ReadAction","target":["https:\/\/inverkm.cl\/tienda\/politica-de-privacidad\/"]}]},{"@type":"BreadcrumbList","@id":"https:\/\/inverkm.cl\/tienda\/politica-de-privacidad\/#breadcrumb","itemListElement":[{"@type":"ListItem","position":1,"name":"Portada","item":"https:\/\/inverkm.cl\/tienda\/"},{"@type":"ListItem","position":2,"name":"Politica De Privacidad"}]},{"@type":"WebSite","@id":"https:\/\/inverkm.cl\/tienda\/#website","url":"https:\/\/inverkm.cl\/tienda\/","name":"Importadora Km","description":"","publisher":{"@id":"https:\/\/inverkm.cl\/tienda\/#organization"},"potentialAction":[{"@type":"SearchAction","target":{"@type":"EntryPoint","urlTemplate":"https:\/\/inverkm.cl\/tienda\/?s={search_term_string}"},"query-input":{"@type":"PropertyValueSpecification","valueRequired":true,"valueName":"search_term_string"}}],"inLanguage":"es"},{"@type":"Organization","@id":"https:\/\/inverkm.cl\/tienda\/#organization","name":"Importadora Km","url":"https:\/\/inverkm.cl\/tienda\/","logo":{"@type":"ImageObject","inLanguage":"es","@id":"https:\/\/inverkm.cl\/tienda\/#\/schema\/logo\/image\/","url":"https:\/\/inverkm.cl\/tienda\/wp-content\/uploads\/2025\/10\/SOLO-KM.png","contentUrl":"https:\/\/inverkm.cl\/tienda\/wp-content\/uploads\/2025\/10\/SOLO-KM.png","width":1182,"height":1182,"caption":"Importadora Km"},"image":{"@id":"https:\/\/inverkm.cl\/tienda\/#\/schema\/logo\/image\/"}}]}},"_links":{"self":[{"href":"https:\/\/inverkm.cl\/tienda\/wp-json\/wp\/v2\/pages\/3","targetHints":{"allow":["GET"]}}],"collection":[{"href":"https:\/\/inverkm.cl\/tienda\/wp-json\/wp\/v2\/pages"}],"about":[{"href":"https:\/\/inverkm.cl\/tienda\/wp-json\/wp\/v2\/types\/page"}],"author":[{"embeddable":true,"href":"https:\/\/inverkm.cl\/tienda\/wp-json\/wp\/v2\/users\/1"}],"replies":[{"embeddable":true,"href":"https:\/\/inverkm.cl\/tienda\/wp-json\/wp\/v2\/comments?post=3"}],"version-history":[{"count":7,"href":"https:\/\/inverkm.cl\/tienda\/wp-json\/wp\/v2\/pages\/3\/revisions"}],"predecessor-version":[{"id":24785,"href":"https:\/\/inverkm.cl\/tienda\/wp-json\/wp\/v2\/pages\/3\/revisions\/24785"}],"wp:attachment":[{"href":"https:\/\/inverkm.cl\/tienda\/wp-json\/wp\/v2\/media?parent=3"}],"curies":[{"name":"wp","href":"https:\/\/api.w.org\/{rel}","templated":true}]}}