{"id":24776,"date":"2025-09-24T17:14:41","date_gmt":"2025-09-24T17:14:41","guid":{"rendered":"https:\/\/inverkm.cl\/tienda\/?page_id=24776"},"modified":"2025-09-24T17:16:47","modified_gmt":"2025-09-24T17:16:47","slug":"politicas-de-devolucion","status":"publish","type":"page","link":"https:\/\/inverkm.cl\/tienda\/politicas-de-devolucion\/","title":{"rendered":"Pol\u00edticas de Devoluci\u00f3n"},"content":{"rendered":"\t\t<div data-elementor-type=\"wp-page\" data-elementor-id=\"24776\" class=\"elementor elementor-24776\">\n\t\t\t\t<div data-particle_enable=\"false\" data-particle-mobile-disabled=\"false\" class=\"elementor-element elementor-element-c864444 e-flex e-con-boxed wpr-particle-no wpr-jarallax-no wpr-parallax-no wpr-sticky-section-no e-con e-parent\" data-id=\"c864444\" data-element_type=\"container\">\n\t\t\t\t\t<div class=\"e-con-inner\">\n\t\t\t\t<div class=\"elementor-element elementor-element-9cf2379 elementor-widget elementor-widget-heading\" data-id=\"9cf2379\" data-element_type=\"widget\" data-widget_type=\"heading.default\">\n\t\t\t\t<div class=\"elementor-widget-container\">\n\t\t\t\t\t<h2 class=\"elementor-heading-title elementor-size-default\">Politicas de Devoluci\u00f3n<\/h2>\t\t\t\t<\/div>\n\t\t\t\t<\/div>\n\t\t\t\t<div class=\"elementor-element elementor-element-4aad8f1 elementor-widget elementor-widget-text-editor\" data-id=\"4aad8f1\" data-element_type=\"widget\" data-widget_type=\"text-editor.default\">\n\t\t\t\t<div class=\"elementor-widget-container\">\n\t\t\t\t\t\t\t\t\t<p data-start=\"254\" data-end=\"757\"><strong data-start=\"254\" data-end=\"281\">Devoluci\u00f3n de productos<\/strong><br data-start=\"281\" data-end=\"284\" \/>El cliente podr\u00e1 devolver un producto adquirido en <strong data-start=\"335\" data-end=\"360\">Neum\u00e1ticos San Andr\u00e9s<\/strong> dentro del plazo de <strong data-start=\"381\" data-end=\"419\">5 d\u00edas contados desde su recepci\u00f3n<\/strong>, sin necesidad de invocar ninguna causa, siempre y cuando el producto se encuentre en las mismas condiciones en que fue despachado y recibido conforme por el cliente. No podr\u00e1 presentarse ning\u00fan deterioro imputable al cliente ni condiciones de haber sido instalado, montado o usado, lo que elimina la opci\u00f3n de devoluci\u00f3n del producto.<\/p><p data-start=\"759\" data-end=\"1389\">Para ejercer este derecho, el cliente deber\u00e1 presentar el producto en <strong data-start=\"829\" data-end=\"900\">horario h\u00e1bil en nuestra tienda ubicada en San Diego 1272, Santiago<\/strong>, o en caso de clientes de otras regiones, deber\u00e1 enviarlo a la tienda previo aviso, adjuntando la factura correspondiente dentro del plazo de 5 d\u00edas desde su recepci\u00f3n. Asimismo, deber\u00e1 acompa\u00f1ar la factura original o cualquier documento que acredite la compra y restituir en buen estado los elementos originales del embalaje, como etiquetas, certificados de garant\u00eda, manuales de uso, cajas, elementos de protecci\u00f3n y sus accesorios, o pagar su respectivo valor, previamente informado.<\/p><p data-start=\"1391\" data-end=\"1716\"><strong data-start=\"1391\" data-end=\"1409\">Garant\u00eda Legal<\/strong><br data-start=\"1409\" data-end=\"1412\" \/>En caso de que un producto adquirido en <strong data-start=\"1452\" data-end=\"1477\">Neum\u00e1ticos San Andr\u00e9s<\/strong>, a juicio del cliente, presente fallas, defectos o no cumpla con las caracter\u00edsticas t\u00e9cnicas informadas, el cliente tendr\u00e1 derecho, dentro de los <strong data-start=\"1625\" data-end=\"1662\">3 meses siguientes a su recepci\u00f3n<\/strong>, a optar por alguna de las siguientes alternativas:<\/p><ul data-start=\"1717\" data-end=\"1855\"><li data-start=\"1717\" data-end=\"1784\"><p data-start=\"1719\" data-end=\"1784\">Reposici\u00f3n o cambio del producto, previa restituci\u00f3n del mismo.<\/p><\/li><li data-start=\"1785\" data-end=\"1855\"><p data-start=\"1787\" data-end=\"1855\">Devoluci\u00f3n de la cantidad pagada, previa restituci\u00f3n del producto.<\/p><\/li><\/ul><p data-start=\"1857\" data-end=\"2181\">Para ejercer este derecho, el cliente deber\u00e1 presentar el producto junto con su factura en <strong data-start=\"1948\" data-end=\"1985\">nuestra sucursal en horario h\u00e1bil<\/strong>, completando un instructivo de reclamo. En caso de clientes de regiones, deber\u00e1 enviarlo a la tienda previo aviso del despacho, con una descripci\u00f3n detallada de las causas de su no conformidad.<\/p><p data-start=\"2183\" data-end=\"2397\">Para determinar la validez de la falla o defecto, el producto ser\u00e1 recepcionado y se generar\u00e1 un <strong data-start=\"2280\" data-end=\"2299\">informe t\u00e9cnico<\/strong>, el cual ser\u00e1 enviado al cliente en un plazo m\u00e1ximo de <strong data-start=\"2355\" data-end=\"2394\">10 d\u00edas desde la fecha de recepci\u00f3n<\/strong>.<\/p><p data-start=\"2399\" data-end=\"2583\"><strong data-start=\"2399\" data-end=\"2437\">Casos NO cubiertos por la garant\u00eda<\/strong><br data-start=\"2437\" data-end=\"2440\" \/>Est\u00e1n excluidas de la presente garant\u00eda las aver\u00edas de origen accidental o aquellas causadas por el uso indebido del producto o del veh\u00edculo:<\/p><ol data-start=\"2585\" data-end=\"3615\"><li data-start=\"2585\" data-end=\"2762\"><p data-start=\"2588\" data-end=\"2623\"><strong data-start=\"2588\" data-end=\"2621\">Aver\u00edas de origen accidental:<\/strong><\/p><ul data-start=\"2627\" data-end=\"2762\"><li data-start=\"2627\" data-end=\"2762\"><p data-start=\"2629\" data-end=\"2762\">Golpes con obst\u00e1culos de la carretera, ca\u00eddas en baches, cortes o rasgaduras por elementos cortantes, se\u00f1ales de roce en el flanco.<\/p><\/li><\/ul><\/li><li data-start=\"2764\" data-end=\"3434\"><p data-start=\"2767\" data-end=\"2856\"><strong data-start=\"2767\" data-end=\"2854\">Aver\u00edas producidas por mal uso del neum\u00e1tico seg\u00fan las indicaciones del fabricante:<\/strong><\/p><ul data-start=\"2860\" data-end=\"3434\"><li data-start=\"2860\" data-end=\"2919\"><p data-start=\"2862\" data-end=\"2919\">Desgaste irregular por montaje o alineaci\u00f3n defectuosa.<\/p><\/li><li data-start=\"2923\" data-end=\"2996\"><p data-start=\"2925\" data-end=\"2996\">Deformaciones y\/o ampollas por insuficiencia de presi\u00f3n o sobrecarga.<\/p><\/li><li data-start=\"3000\" data-end=\"3187\"><p data-start=\"3002\" data-end=\"3187\">Se\u00f1ales de separaci\u00f3n de los compuestos en las uniones banda de rodamiento\/flanco, flanco\/talones o revestimiento interno tambi\u00e9n ocasionado por insuficiencia de presi\u00f3n o sobrecarga.<\/p><\/li><li data-start=\"3191\" data-end=\"3300\"><p data-start=\"3193\" data-end=\"3300\">Desprendimiento de elementos de la banda de rodamiento por uso en superficies o condiciones no previstas.<\/p><\/li><li data-start=\"3304\" data-end=\"3351\"><p data-start=\"3306\" data-end=\"3351\">Marcas de deslizamiento o bloqueo de freno.<\/p><\/li><li data-start=\"3355\" data-end=\"3434\"><p data-start=\"3357\" data-end=\"3434\">Identificaci\u00f3n del neum\u00e1tico que no coincide con lo indicado en la factura.<\/p><\/li><\/ul><\/li><li data-start=\"3436\" data-end=\"3615\"><p data-start=\"3439\" data-end=\"3470\"><strong data-start=\"3439\" data-end=\"3468\">Aver\u00edas de origen t\u00e9cnico<\/strong><\/p><ul data-start=\"3474\" data-end=\"3615\"><li data-start=\"3474\" data-end=\"3615\"><p data-start=\"3476\" data-end=\"3615\">Causadas por uso indebido del producto o del veh\u00edculo, desgaste debido a problemas de origen mec\u00e1nico o factores relacionados con el uso.<\/p><\/li><\/ul><\/li><\/ol>\t\t\t\t\t\t\t\t<\/div>\n\t\t\t\t<\/div>\n\t\t\t\t\t<\/div>\n\t\t\t\t<\/div>\n\t\t\t\t<\/div>\n\t\t","protected":false},"excerpt":{"rendered":"<p>Politicas de Devoluci\u00f3n Devoluci\u00f3n de productosEl cliente podr\u00e1 devolver un producto adquirido en Neum\u00e1ticos San Andr\u00e9s dentro del plazo de 5 d\u00edas contados desde su recepci\u00f3n, sin necesidad de invocar ninguna causa, siempre y cuando el producto se encuentre en las mismas condiciones en que fue despachado y recibido conforme por el cliente. No podr\u00e1 presentarse ning\u00fan deterioro imputable al cliente ni condiciones de haber sido instalado, montado o usado, lo que elimina la opci\u00f3n de devoluci\u00f3n del producto. Para ejercer este derecho, el cliente deber\u00e1 presentar el producto en horario h\u00e1bil en nuestra tienda ubicada en San Diego 1272, Santiago, o en caso de clientes de otras regiones, deber\u00e1 enviarlo a la tienda previo aviso, adjuntando la factura correspondiente dentro del plazo de 5 d\u00edas desde su recepci\u00f3n. Asimismo, deber\u00e1 acompa\u00f1ar la factura original o cualquier documento que acredite la compra y restituir en buen estado los elementos originales del embalaje, como etiquetas, certificados de garant\u00eda, manuales de uso, cajas, elementos de protecci\u00f3n y sus accesorios, o pagar su respectivo valor, previamente informado. Garant\u00eda LegalEn caso de que un producto adquirido en Neum\u00e1ticos San Andr\u00e9s, a juicio del cliente, presente fallas, defectos o no cumpla con las caracter\u00edsticas t\u00e9cnicas informadas, el cliente tendr\u00e1 derecho, dentro de los 3 meses siguientes a su recepci\u00f3n, a optar por alguna de las siguientes alternativas: Reposici\u00f3n o cambio del producto, previa restituci\u00f3n del mismo. Devoluci\u00f3n de la cantidad pagada, previa restituci\u00f3n del producto. Para ejercer este derecho, el cliente deber\u00e1 presentar el producto junto con su factura en nuestra sucursal en horario h\u00e1bil, completando un instructivo de reclamo. En caso de clientes de regiones, deber\u00e1 enviarlo a la tienda previo aviso del despacho, con una descripci\u00f3n detallada de las causas de su no conformidad. Para determinar la validez de la falla o defecto, el producto ser\u00e1 recepcionado y se generar\u00e1 un informe t\u00e9cnico, el cual ser\u00e1 enviado al cliente en un plazo m\u00e1ximo de 10 d\u00edas desde la fecha de recepci\u00f3n. Casos NO cubiertos por la garant\u00edaEst\u00e1n excluidas de la presente garant\u00eda las aver\u00edas de origen accidental o aquellas causadas por el uso indebido del producto o del veh\u00edculo: Aver\u00edas de origen accidental: Golpes con obst\u00e1culos de la carretera, ca\u00eddas en baches, cortes o rasgaduras por elementos cortantes, se\u00f1ales de roce en el flanco. Aver\u00edas producidas por mal uso del neum\u00e1tico seg\u00fan las indicaciones del fabricante: Desgaste irregular por montaje o alineaci\u00f3n defectuosa. Deformaciones y\/o ampollas por insuficiencia de presi\u00f3n o sobrecarga. Se\u00f1ales de separaci\u00f3n de los compuestos en las uniones banda de rodamiento\/flanco, flanco\/talones o revestimiento interno tambi\u00e9n ocasionado por insuficiencia de presi\u00f3n o sobrecarga. Desprendimiento de elementos de la banda de rodamiento por uso en superficies o condiciones no previstas. Marcas de deslizamiento o bloqueo de freno. Identificaci\u00f3n del neum\u00e1tico que no coincide con lo indicado en la factura. Aver\u00edas de origen t\u00e9cnico Causadas por uso indebido del producto o del veh\u00edculo, desgaste debido a problemas de origen mec\u00e1nico o factores relacionados con el uso.<\/p>\n","protected":false},"author":1,"featured_media":0,"parent":0,"menu_order":0,"comment_status":"closed","ping_status":"closed","template":"","meta":{"_acf_changed":false,"iawp_total_views":13,"footnotes":""},"class_list":["post-24776","page","type-page","status-publish","hentry"],"acf":[],"yoast_head":"<!-- This site is optimized with the Yoast SEO plugin v26.8 - https:\/\/yoast.com\/product\/yoast-seo-wordpress\/ -->\n<title>Pol\u00edticas de Devoluci\u00f3n - Importadora Km<\/title>\n<meta name=\"robots\" content=\"index, follow, max-snippet:-1, max-image-preview:large, max-video-preview:-1\" \/>\n<link rel=\"canonical\" href=\"https:\/\/inverkm.cl\/tienda\/politicas-de-devolucion\/\" \/>\n<meta property=\"og:locale\" content=\"es_ES\" \/>\n<meta property=\"og:type\" content=\"article\" \/>\n<meta property=\"og:title\" content=\"Pol\u00edticas de Devoluci\u00f3n - Importadora Km\" \/>\n<meta property=\"og:description\" content=\"Politicas de Devoluci\u00f3n Devoluci\u00f3n de productosEl cliente podr\u00e1 devolver un producto adquirido en Neum\u00e1ticos San Andr\u00e9s dentro del plazo de 5 d\u00edas contados desde su recepci\u00f3n, sin necesidad de invocar ninguna causa, siempre y cuando el producto se encuentre en las mismas condiciones en que fue despachado y recibido conforme por el cliente. No podr\u00e1 presentarse ning\u00fan deterioro imputable al cliente ni condiciones de haber sido instalado, montado o usado, lo que elimina la opci\u00f3n de devoluci\u00f3n del producto. Para ejercer este derecho, el cliente deber\u00e1 presentar el producto en horario h\u00e1bil en nuestra tienda ubicada en San Diego 1272, Santiago, o en caso de clientes de otras regiones, deber\u00e1 enviarlo a la tienda previo aviso, adjuntando la factura correspondiente dentro del plazo de 5 d\u00edas desde su recepci\u00f3n. Asimismo, deber\u00e1 acompa\u00f1ar la factura original o cualquier documento que acredite la compra y restituir en buen estado los elementos originales del embalaje, como etiquetas, certificados de garant\u00eda, manuales de uso, cajas, elementos de protecci\u00f3n y sus accesorios, o pagar su respectivo valor, previamente informado. Garant\u00eda LegalEn caso de que un producto adquirido en Neum\u00e1ticos San Andr\u00e9s, a juicio del cliente, presente fallas, defectos o no cumpla con las caracter\u00edsticas t\u00e9cnicas informadas, el cliente tendr\u00e1 derecho, dentro de los 3 meses siguientes a su recepci\u00f3n, a optar por alguna de las siguientes alternativas: Reposici\u00f3n o cambio del producto, previa restituci\u00f3n del mismo. Devoluci\u00f3n de la cantidad pagada, previa restituci\u00f3n del producto. Para ejercer este derecho, el cliente deber\u00e1 presentar el producto junto con su factura en nuestra sucursal en horario h\u00e1bil, completando un instructivo de reclamo. En caso de clientes de regiones, deber\u00e1 enviarlo a la tienda previo aviso del despacho, con una descripci\u00f3n detallada de las causas de su no conformidad. Para determinar la validez de la falla o defecto, el producto ser\u00e1 recepcionado y se generar\u00e1 un informe t\u00e9cnico, el cual ser\u00e1 enviado al cliente en un plazo m\u00e1ximo de 10 d\u00edas desde la fecha de recepci\u00f3n. Casos NO cubiertos por la garant\u00edaEst\u00e1n excluidas de la presente garant\u00eda las aver\u00edas de origen accidental o aquellas causadas por el uso indebido del producto o del veh\u00edculo: Aver\u00edas de origen accidental: Golpes con obst\u00e1culos de la carretera, ca\u00eddas en baches, cortes o rasgaduras por elementos cortantes, se\u00f1ales de roce en el flanco. Aver\u00edas producidas por mal uso del neum\u00e1tico seg\u00fan las indicaciones del fabricante: Desgaste irregular por montaje o alineaci\u00f3n defectuosa. Deformaciones y\/o ampollas por insuficiencia de presi\u00f3n o sobrecarga. Se\u00f1ales de separaci\u00f3n de los compuestos en las uniones banda de rodamiento\/flanco, flanco\/talones o revestimiento interno tambi\u00e9n ocasionado por insuficiencia de presi\u00f3n o sobrecarga. Desprendimiento de elementos de la banda de rodamiento por uso en superficies o condiciones no previstas. Marcas de deslizamiento o bloqueo de freno. Identificaci\u00f3n del neum\u00e1tico que no coincide con lo indicado en la factura. Aver\u00edas de origen t\u00e9cnico Causadas por uso indebido del producto o del veh\u00edculo, desgaste debido a problemas de origen mec\u00e1nico o factores relacionados con el uso.\" \/>\n<meta property=\"og:url\" content=\"https:\/\/inverkm.cl\/tienda\/politicas-de-devolucion\/\" \/>\n<meta property=\"og:site_name\" content=\"Importadora Km\" \/>\n<meta property=\"article:modified_time\" content=\"2025-09-24T17:16:47+00:00\" \/>\n<meta name=\"twitter:card\" content=\"summary_large_image\" \/>\n<meta name=\"twitter:label1\" content=\"Tiempo de lectura\" \/>\n\t<meta name=\"twitter:data1\" content=\"3 minutos\" \/>\n<script type=\"application\/ld+json\" class=\"yoast-schema-graph\">{\"@context\":\"https:\/\/schema.org\",\"@graph\":[{\"@type\":\"WebPage\",\"@id\":\"https:\/\/inverkm.cl\/tienda\/politicas-de-devolucion\/\",\"url\":\"https:\/\/inverkm.cl\/tienda\/politicas-de-devolucion\/\",\"name\":\"Pol\u00edticas de Devoluci\u00f3n - Importadora Km\",\"isPartOf\":{\"@id\":\"https:\/\/inverkm.cl\/tienda\/#website\"},\"datePublished\":\"2025-09-24T17:14:41+00:00\",\"dateModified\":\"2025-09-24T17:16:47+00:00\",\"breadcrumb\":{\"@id\":\"https:\/\/inverkm.cl\/tienda\/politicas-de-devolucion\/#breadcrumb\"},\"inLanguage\":\"es\",\"potentialAction\":[{\"@type\":\"ReadAction\",\"target\":[\"https:\/\/inverkm.cl\/tienda\/politicas-de-devolucion\/\"]}]},{\"@type\":\"BreadcrumbList\",\"@id\":\"https:\/\/inverkm.cl\/tienda\/politicas-de-devolucion\/#breadcrumb\",\"itemListElement\":[{\"@type\":\"ListItem\",\"position\":1,\"name\":\"Portada\",\"item\":\"https:\/\/inverkm.cl\/tienda\/\"},{\"@type\":\"ListItem\",\"position\":2,\"name\":\"Pol\u00edticas de Devoluci\u00f3n\"}]},{\"@type\":\"WebSite\",\"@id\":\"https:\/\/inverkm.cl\/tienda\/#website\",\"url\":\"https:\/\/inverkm.cl\/tienda\/\",\"name\":\"Importadora Km\",\"description\":\"\",\"publisher\":{\"@id\":\"https:\/\/inverkm.cl\/tienda\/#organization\"},\"potentialAction\":[{\"@type\":\"SearchAction\",\"target\":{\"@type\":\"EntryPoint\",\"urlTemplate\":\"https:\/\/inverkm.cl\/tienda\/?s={search_term_string}\"},\"query-input\":{\"@type\":\"PropertyValueSpecification\",\"valueRequired\":true,\"valueName\":\"search_term_string\"}}],\"inLanguage\":\"es\"},{\"@type\":\"Organization\",\"@id\":\"https:\/\/inverkm.cl\/tienda\/#organization\",\"name\":\"Importadora Km\",\"url\":\"https:\/\/inverkm.cl\/tienda\/\",\"logo\":{\"@type\":\"ImageObject\",\"inLanguage\":\"es\",\"@id\":\"https:\/\/inverkm.cl\/tienda\/#\/schema\/logo\/image\/\",\"url\":\"https:\/\/inverkm.cl\/tienda\/wp-content\/uploads\/2025\/10\/SOLO-KM.png\",\"contentUrl\":\"https:\/\/inverkm.cl\/tienda\/wp-content\/uploads\/2025\/10\/SOLO-KM.png\",\"width\":1182,\"height\":1182,\"caption\":\"Importadora Km\"},\"image\":{\"@id\":\"https:\/\/inverkm.cl\/tienda\/#\/schema\/logo\/image\/\"}}]}<\/script>\n<!-- \/ Yoast SEO plugin. -->","yoast_head_json":{"title":"Pol\u00edticas de Devoluci\u00f3n - Importadora Km","robots":{"index":"index","follow":"follow","max-snippet":"max-snippet:-1","max-image-preview":"max-image-preview:large","max-video-preview":"max-video-preview:-1"},"canonical":"https:\/\/inverkm.cl\/tienda\/politicas-de-devolucion\/","og_locale":"es_ES","og_type":"article","og_title":"Pol\u00edticas de Devoluci\u00f3n - Importadora Km","og_description":"Politicas de Devoluci\u00f3n Devoluci\u00f3n de productosEl cliente podr\u00e1 devolver un producto adquirido en Neum\u00e1ticos San Andr\u00e9s dentro del plazo de 5 d\u00edas contados desde su recepci\u00f3n, sin necesidad de invocar ninguna causa, siempre y cuando el producto se encuentre en las mismas condiciones en que fue despachado y recibido conforme por el cliente. No podr\u00e1 presentarse ning\u00fan deterioro imputable al cliente ni condiciones de haber sido instalado, montado o usado, lo que elimina la opci\u00f3n de devoluci\u00f3n del producto. Para ejercer este derecho, el cliente deber\u00e1 presentar el producto en horario h\u00e1bil en nuestra tienda ubicada en San Diego 1272, Santiago, o en caso de clientes de otras regiones, deber\u00e1 enviarlo a la tienda previo aviso, adjuntando la factura correspondiente dentro del plazo de 5 d\u00edas desde su recepci\u00f3n. Asimismo, deber\u00e1 acompa\u00f1ar la factura original o cualquier documento que acredite la compra y restituir en buen estado los elementos originales del embalaje, como etiquetas, certificados de garant\u00eda, manuales de uso, cajas, elementos de protecci\u00f3n y sus accesorios, o pagar su respectivo valor, previamente informado. Garant\u00eda LegalEn caso de que un producto adquirido en Neum\u00e1ticos San Andr\u00e9s, a juicio del cliente, presente fallas, defectos o no cumpla con las caracter\u00edsticas t\u00e9cnicas informadas, el cliente tendr\u00e1 derecho, dentro de los 3 meses siguientes a su recepci\u00f3n, a optar por alguna de las siguientes alternativas: Reposici\u00f3n o cambio del producto, previa restituci\u00f3n del mismo. Devoluci\u00f3n de la cantidad pagada, previa restituci\u00f3n del producto. Para ejercer este derecho, el cliente deber\u00e1 presentar el producto junto con su factura en nuestra sucursal en horario h\u00e1bil, completando un instructivo de reclamo. En caso de clientes de regiones, deber\u00e1 enviarlo a la tienda previo aviso del despacho, con una descripci\u00f3n detallada de las causas de su no conformidad. Para determinar la validez de la falla o defecto, el producto ser\u00e1 recepcionado y se generar\u00e1 un informe t\u00e9cnico, el cual ser\u00e1 enviado al cliente en un plazo m\u00e1ximo de 10 d\u00edas desde la fecha de recepci\u00f3n. Casos NO cubiertos por la garant\u00edaEst\u00e1n excluidas de la presente garant\u00eda las aver\u00edas de origen accidental o aquellas causadas por el uso indebido del producto o del veh\u00edculo: Aver\u00edas de origen accidental: Golpes con obst\u00e1culos de la carretera, ca\u00eddas en baches, cortes o rasgaduras por elementos cortantes, se\u00f1ales de roce en el flanco. Aver\u00edas producidas por mal uso del neum\u00e1tico seg\u00fan las indicaciones del fabricante: Desgaste irregular por montaje o alineaci\u00f3n defectuosa. Deformaciones y\/o ampollas por insuficiencia de presi\u00f3n o sobrecarga. Se\u00f1ales de separaci\u00f3n de los compuestos en las uniones banda de rodamiento\/flanco, flanco\/talones o revestimiento interno tambi\u00e9n ocasionado por insuficiencia de presi\u00f3n o sobrecarga. Desprendimiento de elementos de la banda de rodamiento por uso en superficies o condiciones no previstas. Marcas de deslizamiento o bloqueo de freno. Identificaci\u00f3n del neum\u00e1tico que no coincide con lo indicado en la factura. Aver\u00edas de origen t\u00e9cnico Causadas por uso indebido del producto o del veh\u00edculo, desgaste debido a problemas de origen mec\u00e1nico o factores relacionados con el uso.","og_url":"https:\/\/inverkm.cl\/tienda\/politicas-de-devolucion\/","og_site_name":"Importadora Km","article_modified_time":"2025-09-24T17:16:47+00:00","twitter_card":"summary_large_image","twitter_misc":{"Tiempo de lectura":"3 minutos"},"schema":{"@context":"https:\/\/schema.org","@graph":[{"@type":"WebPage","@id":"https:\/\/inverkm.cl\/tienda\/politicas-de-devolucion\/","url":"https:\/\/inverkm.cl\/tienda\/politicas-de-devolucion\/","name":"Pol\u00edticas de Devoluci\u00f3n - Importadora Km","isPartOf":{"@id":"https:\/\/inverkm.cl\/tienda\/#website"},"datePublished":"2025-09-24T17:14:41+00:00","dateModified":"2025-09-24T17:16:47+00:00","breadcrumb":{"@id":"https:\/\/inverkm.cl\/tienda\/politicas-de-devolucion\/#breadcrumb"},"inLanguage":"es","potentialAction":[{"@type":"ReadAction","target":["https:\/\/inverkm.cl\/tienda\/politicas-de-devolucion\/"]}]},{"@type":"BreadcrumbList","@id":"https:\/\/inverkm.cl\/tienda\/politicas-de-devolucion\/#breadcrumb","itemListElement":[{"@type":"ListItem","position":1,"name":"Portada","item":"https:\/\/inverkm.cl\/tienda\/"},{"@type":"ListItem","position":2,"name":"Pol\u00edticas de Devoluci\u00f3n"}]},{"@type":"WebSite","@id":"https:\/\/inverkm.cl\/tienda\/#website","url":"https:\/\/inverkm.cl\/tienda\/","name":"Importadora Km","description":"","publisher":{"@id":"https:\/\/inverkm.cl\/tienda\/#organization"},"potentialAction":[{"@type":"SearchAction","target":{"@type":"EntryPoint","urlTemplate":"https:\/\/inverkm.cl\/tienda\/?s={search_term_string}"},"query-input":{"@type":"PropertyValueSpecification","valueRequired":true,"valueName":"search_term_string"}}],"inLanguage":"es"},{"@type":"Organization","@id":"https:\/\/inverkm.cl\/tienda\/#organization","name":"Importadora Km","url":"https:\/\/inverkm.cl\/tienda\/","logo":{"@type":"ImageObject","inLanguage":"es","@id":"https:\/\/inverkm.cl\/tienda\/#\/schema\/logo\/image\/","url":"https:\/\/inverkm.cl\/tienda\/wp-content\/uploads\/2025\/10\/SOLO-KM.png","contentUrl":"https:\/\/inverkm.cl\/tienda\/wp-content\/uploads\/2025\/10\/SOLO-KM.png","width":1182,"height":1182,"caption":"Importadora Km"},"image":{"@id":"https:\/\/inverkm.cl\/tienda\/#\/schema\/logo\/image\/"}}]}},"_links":{"self":[{"href":"https:\/\/inverkm.cl\/tienda\/wp-json\/wp\/v2\/pages\/24776","targetHints":{"allow":["GET"]}}],"collection":[{"href":"https:\/\/inverkm.cl\/tienda\/wp-json\/wp\/v2\/pages"}],"about":[{"href":"https:\/\/inverkm.cl\/tienda\/wp-json\/wp\/v2\/types\/page"}],"author":[{"embeddable":true,"href":"https:\/\/inverkm.cl\/tienda\/wp-json\/wp\/v2\/users\/1"}],"replies":[{"embeddable":true,"href":"https:\/\/inverkm.cl\/tienda\/wp-json\/wp\/v2\/comments?post=24776"}],"version-history":[{"count":3,"href":"https:\/\/inverkm.cl\/tienda\/wp-json\/wp\/v2\/pages\/24776\/revisions"}],"predecessor-version":[{"id":24781,"href":"https:\/\/inverkm.cl\/tienda\/wp-json\/wp\/v2\/pages\/24776\/revisions\/24781"}],"wp:attachment":[{"href":"https:\/\/inverkm.cl\/tienda\/wp-json\/wp\/v2\/media?parent=24776"}],"curies":[{"name":"wp","href":"https:\/\/api.w.org\/{rel}","templated":true}]}}