{"id":235,"date":"2021-10-31T06:57:40","date_gmt":"2021-10-31T06:57:40","guid":{"rendered":"https:\/\/bike.brator.xyz\/?page_id=235"},"modified":"2025-09-25T20:56:16","modified_gmt":"2025-09-25T20:56:16","slug":"contacto","status":"publish","type":"page","link":"https:\/\/inverkm.cl\/tienda\/contacto\/","title":{"rendered":"Contacto"},"content":{"rendered":"\t\t<div data-elementor-type=\"wp-page\" data-elementor-id=\"235\" class=\"elementor elementor-235\">\n\t\t\t\t\t\t<section data-particle_enable=\"false\" data-particle-mobile-disabled=\"false\" class=\"elementor-section elementor-top-section elementor-element elementor-element-2e6895d elementor-section-boxed elementor-section-height-default elementor-section-height-default wpr-particle-no wpr-jarallax-no wpr-parallax-no wpr-sticky-section-no\" data-id=\"2e6895d\" data-element_type=\"section\">\n\t\t\t\t\t\t<div class=\"elementor-container elementor-column-gap-no\">\n\t\t\t\t\t<div class=\"elementor-column elementor-col-100 elementor-top-column elementor-element elementor-element-fb54d47\" data-id=\"fb54d47\" data-element_type=\"column\">\n\t\t\t<div class=\"elementor-widget-wrap elementor-element-populated\">\n\t\t\t\t\t\t<div class=\"elementor-element elementor-element-d8f8a8f elementor-widget elementor-widget-google_maps\" data-id=\"d8f8a8f\" data-element_type=\"widget\" data-widget_type=\"google_maps.default\">\n\t\t\t\t<div class=\"elementor-widget-container\">\n\t\t\t\t\t\t\t<div class=\"elementor-custom-embed\">\n\t\t\t<iframe loading=\"lazy\"\n\t\t\t\t\tsrc=\"https:\/\/maps.google.com\/maps?q=San%20Diego%201272&#038;t=m&#038;z=14&#038;output=embed&#038;iwloc=near\"\n\t\t\t\t\ttitle=\"San Diego 1272\"\n\t\t\t\t\taria-label=\"San Diego 1272\"\n\t\t\t><\/iframe>\n\t\t<\/div>\n\t\t\t\t\t\t<\/div>\n\t\t\t\t<\/div>\n\t\t\t\t\t<\/div>\n\t\t<\/div>\n\t\t\t\t\t<\/div>\n\t\t<\/section>\n\t\t\t\t<section data-particle_enable=\"false\" data-particle-mobile-disabled=\"false\" class=\"elementor-section elementor-top-section elementor-element elementor-element-4e72f9e elementor-section-full_width elementor-section-height-default elementor-section-height-default wpr-particle-no wpr-jarallax-no wpr-parallax-no wpr-sticky-section-no\" data-id=\"4e72f9e\" data-element_type=\"section\">\n\t\t\t\t\t\t<div class=\"elementor-container elementor-column-gap-no\">\n\t\t\t\t\t<div class=\"elementor-column elementor-col-100 elementor-top-column elementor-element elementor-element-3491f8b\" data-id=\"3491f8b\" data-element_type=\"column\">\n\t\t\t<div class=\"elementor-widget-wrap elementor-element-populated\">\n\t\t\t\t\t\t<div class=\"elementor-element elementor-element-d33f2d5 elementor-widget elementor-widget-brator_contact_us\" data-id=\"d33f2d5\" data-element_type=\"widget\" data-widget_type=\"brator_contact_us.default\">\n\t\t\t\t<div class=\"elementor-widget-container\">\n\t\t\t\t\t\t\t<div class=\"brator-contact-header-area design-one\">\r\n\t\t\t<div class=\"container-xxxl container-xxl container\">\r\n\t\t\t\t<div class=\"row\">\r\n\t\t\t\t\t<div class=\"col-md-12\">\r\n\t\t\t\t\t\t<div class=\"contact-header\">\r\n\t\t\t\t\t\t\t<h4>Contacto<\/h4>\r\n\t\t\t\t\t\t\t<p><\/p>\r\n\t\t\t\t\t\t<\/div>\r\n\t\t\t\t\t<\/div>\r\n\t\t\t\t<\/div>\r\n\t\t\t<\/div>\r\n\t\t<\/div>\r\n\t\t<div class=\"brator-contact-area design-one\">\r\n\t\t\t<div class=\"container-xxxl container-xxl container\">\r\n\t\t\t\t<div class=\"row\">\r\n\t\t\t\t\t<div class=\"col-lg-5 col-12\">\r\n\t\t\t\t\t\t<div class=\"brator-contact-list-area\">\r\n\t\t\t\t\t\t\t<div class=\"brator-contact-list-header\">\r\n\t\t\t\t\t\t\t\t<h2>Informaci\u00f3n<\/h2>\r\n\t\t\t\t\t\t\t<\/div>\r\n\t\t\t\t\t\t\t<div class=\"brator-contact-sub-header\">\r\n\t\t\t\t\t\t\t\t<h3>TIENDA FISICA<\/h3>\r\n\t\t\t\t\t\t\t<\/div>\r\n\t\t\t\t\t\t\t\t\t\t\t\t\t\t\t<div class=\"brator-contact-list-items\"><span>Tienda<\/span>\r\n\t\t\t\t\t\t\t\t\t<p>San Diego 1272, Santiago, Regi\u00f3n Metropolitana<\/p>\n<a href=\"tel:+56940852232\">+56 9 4085 2232<\/a>\n<a href=\"mailto:ventas9@inverkm.cl\">ventas9@inverkm.cl<\/a>\t\t\t\t\t\t\t\t<\/div>\r\n\t\t\t\t\t\t\t\t\t\t\t\t\t\t\t\t<div class=\"brator-contact-list-items\"><span>HORARIO<\/span>\r\n\t\t\t\t\t\t\t\t\t<p>Horario de operaci\u00f3n<\/p>\n<p>Lun a Vie: 9:00 - 18:00<\/p>\n<p>Sab: 10:00 - 13:00<\/p>\t\t\t\t\t\t\t\t<\/div>\r\n\t\t\t\t\t\t\t\t\t\t\t\t\t\t\t<div class=\"brator-contact-list-social\">\r\n\t\t\t\t\t\t\t\t<div class=\"brator-contact-sub-header\">\r\n\t\t\t\t\t\t\t\t\t<h3>Redes Sociales<\/h3>\r\n\t\t\t\t\t\t\t\t<\/div>\r\n\t\t\t\t\t\t\t\t<div class=\"brator-contact-list-social-items\">\r\n\t\t\t\t\t\t\t\t\t\r\n\t\t\t\t\t\t\t\t\t\t<a href=\"https:\/\/www.facebook.com\/NeumaticosSanandreschile\/\"  >\r\n\t\t\t\t\t\t\t\t\t\t\t<i aria-hidden=\"true\" class=\"fab fa-facebook\"><\/i>\t\t\t\t\t\t\t\t\t\t<\/a>\r\n\t\t\t\t\t\t\t\t\t\t\r\n\t\t\t\t\t\t\t\t\t\t<a href=\"https:\/\/www.instagram.com\/neumaticossanandreschile\"  >\r\n\t\t\t\t\t\t\t\t\t\t\t<i aria-hidden=\"true\" class=\"fab fa-instagram\"><\/i>\t\t\t\t\t\t\t\t\t\t<\/a>\r\n\t\t\t\t\t\t\t\t\t\t\r\n\t\t\t\t\t\t\t\t\t\t<a href=\"https:\/\/wa.me\/56940852232\"  >\r\n\t\t\t\t\t\t\t\t\t\t\t<i aria-hidden=\"true\" class=\"fab fa-whatsapp\"><\/i>\t\t\t\t\t\t\t\t\t\t<\/a>\r\n\t\t\t\t\t\t\t\t\t\t\t\t\t\t\t\t\t\t<\/div>\r\n\t\t\t\t\t\t\t<\/div>\r\n\t\t\t\t\t\t<\/div>\r\n\t\t\t\t\t<\/div>\r\n\t\t\t\t\t<div class=\"col-lg-7 col-12\">\r\n\t\t\t\t\t\t<div class=\"brator-contact-form-area\">\r\n\t\t\t\t\t\t\t<div class=\"brator-contact-form-header\">\r\n\t\t\t\t\t\t\t\t<h2>D\u00e9janos un mensaje<\/h2>\r\n\t\t\t\t\t\t\t<\/div>\r\n\t\t\t\t\t\t\t<div class=\"brator-contact-form\"><span class=\"info-text\"><\/span><\/div>\r\n\t\t\t\t\t\t<\/div>\r\n\t\t\t\t\t\t<div class=\"brator-contact-form-fields\">\r\n\t\t\t\t\t\t\t\n<div class=\"wpcf7 no-js\" id=\"wpcf7-f291-o1\" lang=\"en-US\" dir=\"ltr\" data-wpcf7-id=\"291\">\n<div class=\"screen-reader-response\"><p role=\"status\" aria-live=\"polite\" aria-atomic=\"true\"><\/p> <ul><\/ul><\/div>\n<form action=\"\/tienda\/wp-json\/wp\/v2\/pages\/235#wpcf7-f291-o1\" method=\"post\" class=\"wpcf7-form init\" aria-label=\"Contact form\" novalidate=\"novalidate\" data-status=\"init\">\n<fieldset class=\"hidden-fields-container\"><input type=\"hidden\" name=\"_wpcf7\" value=\"291\" \/><input type=\"hidden\" name=\"_wpcf7_version\" value=\"6.1.1\" \/><input type=\"hidden\" name=\"_wpcf7_locale\" value=\"en_US\" \/><input type=\"hidden\" name=\"_wpcf7_unit_tag\" value=\"wpcf7-f291-o1\" \/><input type=\"hidden\" name=\"_wpcf7_container_post\" value=\"0\" \/><input type=\"hidden\" name=\"_wpcf7_posted_data_hash\" value=\"\" \/>\n<\/fieldset>\n<div class=\"brator-contact-form-field\">\n\t<p><span class=\"wpcf7-form-control-wrap\" data-name=\"your-subject\"><input size=\"40\" maxlength=\"400\" class=\"wpcf7-form-control wpcf7-text wpcf7-validates-as-required\" aria-required=\"true\" aria-invalid=\"false\" placeholder=\"Asunto (Opcional)\" value=\"\" type=\"text\" name=\"your-subject\" \/><\/span>\n\t<\/p>\n<\/div>\n<div class=\"brator-contact-form-field\">\n\t<p><span class=\"wpcf7-form-control-wrap\" data-name=\"your-message\"><textarea cols=\"40\" rows=\"10\" maxlength=\"2000\" class=\"wpcf7-form-control wpcf7-textarea\" aria-invalid=\"false\" placeholder=\"Escribe tu mensaje aqu\u00ed\" name=\"your-message\"><\/textarea><\/span>\n\t<\/p>\n<\/div>\n<div class=\"brator-contact-form-field-two-items\">\n\t<div class=\"brator-contact-form-field\">\n\t\t<p><span class=\"wpcf7-form-control-wrap\" data-name=\"your-email\"><input size=\"40\" maxlength=\"400\" class=\"wpcf7-form-control wpcf7-email wpcf7-validates-as-required wpcf7-text wpcf7-validates-as-email\" aria-required=\"true\" aria-invalid=\"false\" placeholder=\"Tu correo *\" value=\"\" type=\"email\" name=\"your-email\" \/><\/span>\n\t\t<\/p>\n\t<\/div>\n\t<div class=\"brator-contact-form-field\">\n\t\t<p><span class=\"wpcf7-form-control-wrap\" data-name=\"your-name\"><input size=\"40\" maxlength=\"400\" class=\"wpcf7-form-control wpcf7-text wpcf7-validates-as-required\" aria-required=\"true\" aria-invalid=\"false\" placeholder=\"Nombre\" value=\"\" type=\"text\" name=\"your-name\" \/><\/span>\n\t\t<\/p>\n\t<\/div>\n<\/div>\n<div class=\"brator-contact-form-field-info\">\n\t<p><input type=\"checkbox\" name=\"condcion\" \/><span>Guardar mi nombre y correo en este navegador para la pr\u00f3xima vez que comente<\/span>\n\t<\/p>\n<\/div>\n<div class=\"brator-contact-form-field\">\n\t<p><button type=\"submit\" class=\"wpcf7-form-control has-spinner wpcf7-submit\">Enviar Mensaje<\/button>\n\t<\/p>\n<\/div><div class=\"wpcf7-response-output\" aria-hidden=\"true\"><\/div>\n<\/form>\n<\/div>\n\t\t\t\t\t\t<\/div>\r\n\t\t\t\t\t<\/div>\r\n\t\t\t\t<\/div>\r\n\t\t\t<\/div>\r\n\t\t<\/div>\r\n\t\t\t\t\t\t<\/div>\n\t\t\t\t<\/div>\n\t\t\t\t\t<\/div>\n\t\t<\/div>\n\t\t\t\t\t<\/div>\n\t\t<\/section>\n\t\t\t\t<\/div>\n\t\t","protected":false},"excerpt":{"rendered":"<p>Contacto Informaci\u00f3n TIENDA FISICA Tienda San Diego 1272, Santiago, Regi\u00f3n Metropolitana +56 9 4085 2232 ventas9@inverkm.cl HORARIO Horario de operaci\u00f3n Lun a Vie: 9:00 &#8211; 18:00 Sab: 10:00 &#8211; 13:00 Redes Sociales D\u00e9janos un mensaje Guardar mi nombre y correo en este navegador para la pr\u00f3xima vez que comente Enviar Mensaje<\/p>\n","protected":false},"author":1,"featured_media":0,"parent":0,"menu_order":0,"comment_status":"closed","ping_status":"closed","template":"elementor_header_footer","meta":{"_acf_changed":false,"iawp_total_views":72,"footnotes":""},"class_list":["post-235","page","type-page","status-publish","hentry"],"acf":[],"yoast_head":"<!-- This site is optimized with the Yoast SEO plugin v26.8 - https:\/\/yoast.com\/product\/yoast-seo-wordpress\/ -->\n<title>Contacto - Importadora Km<\/title>\n<meta name=\"robots\" content=\"index, follow, max-snippet:-1, max-image-preview:large, max-video-preview:-1\" \/>\n<link rel=\"canonical\" href=\"https:\/\/inverkm.cl\/tienda\/contacto\/\" \/>\n<meta property=\"og:locale\" content=\"es_ES\" \/>\n<meta property=\"og:type\" content=\"article\" \/>\n<meta property=\"og:title\" content=\"Contacto - Importadora Km\" \/>\n<meta property=\"og:description\" content=\"Contacto Informaci\u00f3n TIENDA FISICA Tienda San Diego 1272, Santiago, Regi\u00f3n Metropolitana +56 9 4085 2232 ventas9@inverkm.cl HORARIO Horario de operaci\u00f3n Lun a Vie: 9:00 &#8211; 18:00 Sab: 10:00 &#8211; 13:00 Redes Sociales D\u00e9janos un mensaje Guardar mi nombre y correo en este navegador para la pr\u00f3xima vez que comente Enviar Mensaje\" \/>\n<meta property=\"og:url\" content=\"https:\/\/inverkm.cl\/tienda\/contacto\/\" \/>\n<meta property=\"og:site_name\" content=\"Importadora Km\" \/>\n<meta property=\"article:modified_time\" content=\"2025-09-25T20:56:16+00:00\" \/>\n<meta name=\"twitter:card\" content=\"summary_large_image\" \/>\n<script type=\"application\/ld+json\" class=\"yoast-schema-graph\">{\"@context\":\"https:\/\/schema.org\",\"@graph\":[{\"@type\":\"WebPage\",\"@id\":\"https:\/\/inverkm.cl\/tienda\/contacto\/\",\"url\":\"https:\/\/inverkm.cl\/tienda\/contacto\/\",\"name\":\"Contacto - Importadora Km\",\"isPartOf\":{\"@id\":\"https:\/\/inverkm.cl\/tienda\/#website\"},\"datePublished\":\"2021-10-31T06:57:40+00:00\",\"dateModified\":\"2025-09-25T20:56:16+00:00\",\"breadcrumb\":{\"@id\":\"https:\/\/inverkm.cl\/tienda\/contacto\/#breadcrumb\"},\"inLanguage\":\"es\",\"potentialAction\":[{\"@type\":\"ReadAction\",\"target\":[\"https:\/\/inverkm.cl\/tienda\/contacto\/\"]}]},{\"@type\":\"BreadcrumbList\",\"@id\":\"https:\/\/inverkm.cl\/tienda\/contacto\/#breadcrumb\",\"itemListElement\":[{\"@type\":\"ListItem\",\"position\":1,\"name\":\"Portada\",\"item\":\"https:\/\/inverkm.cl\/tienda\/\"},{\"@type\":\"ListItem\",\"position\":2,\"name\":\"Contacto\"}]},{\"@type\":\"WebSite\",\"@id\":\"https:\/\/inverkm.cl\/tienda\/#website\",\"url\":\"https:\/\/inverkm.cl\/tienda\/\",\"name\":\"Importadora Km\",\"description\":\"\",\"publisher\":{\"@id\":\"https:\/\/inverkm.cl\/tienda\/#organization\"},\"potentialAction\":[{\"@type\":\"SearchAction\",\"target\":{\"@type\":\"EntryPoint\",\"urlTemplate\":\"https:\/\/inverkm.cl\/tienda\/?s={search_term_string}\"},\"query-input\":{\"@type\":\"PropertyValueSpecification\",\"valueRequired\":true,\"valueName\":\"search_term_string\"}}],\"inLanguage\":\"es\"},{\"@type\":\"Organization\",\"@id\":\"https:\/\/inverkm.cl\/tienda\/#organization\",\"name\":\"Importadora Km\",\"url\":\"https:\/\/inverkm.cl\/tienda\/\",\"logo\":{\"@type\":\"ImageObject\",\"inLanguage\":\"es\",\"@id\":\"https:\/\/inverkm.cl\/tienda\/#\/schema\/logo\/image\/\",\"url\":\"https:\/\/inverkm.cl\/tienda\/wp-content\/uploads\/2025\/10\/SOLO-KM.png\",\"contentUrl\":\"https:\/\/inverkm.cl\/tienda\/wp-content\/uploads\/2025\/10\/SOLO-KM.png\",\"width\":1182,\"height\":1182,\"caption\":\"Importadora Km\"},\"image\":{\"@id\":\"https:\/\/inverkm.cl\/tienda\/#\/schema\/logo\/image\/\"}}]}<\/script>\n<!-- \/ Yoast SEO plugin. -->","yoast_head_json":{"title":"Contacto - Importadora Km","robots":{"index":"index","follow":"follow","max-snippet":"max-snippet:-1","max-image-preview":"max-image-preview:large","max-video-preview":"max-video-preview:-1"},"canonical":"https:\/\/inverkm.cl\/tienda\/contacto\/","og_locale":"es_ES","og_type":"article","og_title":"Contacto - Importadora Km","og_description":"Contacto Informaci\u00f3n TIENDA FISICA Tienda San Diego 1272, Santiago, Regi\u00f3n Metropolitana +56 9 4085 2232 ventas9@inverkm.cl HORARIO Horario de operaci\u00f3n Lun a Vie: 9:00 &#8211; 18:00 Sab: 10:00 &#8211; 13:00 Redes Sociales D\u00e9janos un mensaje Guardar mi nombre y correo en este navegador para la pr\u00f3xima vez que comente Enviar Mensaje","og_url":"https:\/\/inverkm.cl\/tienda\/contacto\/","og_site_name":"Importadora Km","article_modified_time":"2025-09-25T20:56:16+00:00","twitter_card":"summary_large_image","schema":{"@context":"https:\/\/schema.org","@graph":[{"@type":"WebPage","@id":"https:\/\/inverkm.cl\/tienda\/contacto\/","url":"https:\/\/inverkm.cl\/tienda\/contacto\/","name":"Contacto - Importadora Km","isPartOf":{"@id":"https:\/\/inverkm.cl\/tienda\/#website"},"datePublished":"2021-10-31T06:57:40+00:00","dateModified":"2025-09-25T20:56:16+00:00","breadcrumb":{"@id":"https:\/\/inverkm.cl\/tienda\/contacto\/#breadcrumb"},"inLanguage":"es","potentialAction":[{"@type":"ReadAction","target":["https:\/\/inverkm.cl\/tienda\/contacto\/"]}]},{"@type":"BreadcrumbList","@id":"https:\/\/inverkm.cl\/tienda\/contacto\/#breadcrumb","itemListElement":[{"@type":"ListItem","position":1,"name":"Portada","item":"https:\/\/inverkm.cl\/tienda\/"},{"@type":"ListItem","position":2,"name":"Contacto"}]},{"@type":"WebSite","@id":"https:\/\/inverkm.cl\/tienda\/#website","url":"https:\/\/inverkm.cl\/tienda\/","name":"Importadora Km","description":"","publisher":{"@id":"https:\/\/inverkm.cl\/tienda\/#organization"},"potentialAction":[{"@type":"SearchAction","target":{"@type":"EntryPoint","urlTemplate":"https:\/\/inverkm.cl\/tienda\/?s={search_term_string}"},"query-input":{"@type":"PropertyValueSpecification","valueRequired":true,"valueName":"search_term_string"}}],"inLanguage":"es"},{"@type":"Organization","@id":"https:\/\/inverkm.cl\/tienda\/#organization","name":"Importadora Km","url":"https:\/\/inverkm.cl\/tienda\/","logo":{"@type":"ImageObject","inLanguage":"es","@id":"https:\/\/inverkm.cl\/tienda\/#\/schema\/logo\/image\/","url":"https:\/\/inverkm.cl\/tienda\/wp-content\/uploads\/2025\/10\/SOLO-KM.png","contentUrl":"https:\/\/inverkm.cl\/tienda\/wp-content\/uploads\/2025\/10\/SOLO-KM.png","width":1182,"height":1182,"caption":"Importadora Km"},"image":{"@id":"https:\/\/inverkm.cl\/tienda\/#\/schema\/logo\/image\/"}}]}},"_links":{"self":[{"href":"https:\/\/inverkm.cl\/tienda\/wp-json\/wp\/v2\/pages\/235","targetHints":{"allow":["GET"]}}],"collection":[{"href":"https:\/\/inverkm.cl\/tienda\/wp-json\/wp\/v2\/pages"}],"about":[{"href":"https:\/\/inverkm.cl\/tienda\/wp-json\/wp\/v2\/types\/page"}],"author":[{"embeddable":true,"href":"https:\/\/inverkm.cl\/tienda\/wp-json\/wp\/v2\/users\/1"}],"replies":[{"embeddable":true,"href":"https:\/\/inverkm.cl\/tienda\/wp-json\/wp\/v2\/comments?post=235"}],"version-history":[{"count":17,"href":"https:\/\/inverkm.cl\/tienda\/wp-json\/wp\/v2\/pages\/235\/revisions"}],"predecessor-version":[{"id":24815,"href":"https:\/\/inverkm.cl\/tienda\/wp-json\/wp\/v2\/pages\/235\/revisions\/24815"}],"wp:attachment":[{"href":"https:\/\/inverkm.cl\/tienda\/wp-json\/wp\/v2\/media?parent=235"}],"curies":[{"name":"wp","href":"https:\/\/api.w.org\/{rel}","templated":true}]}}